{"id":131,"date":"2026-02-22T08:57:50","date_gmt":"2026-02-22T07:57:50","guid":{"rendered":"https:\/\/ekowen.pl\/?page_id=131"},"modified":"2026-03-02T13:01:50","modified_gmt":"2026-03-02T12:01:50","slug":"kontakt","status":"publish","type":"page","link":"https:\/\/ekowen.pl\/?page_id=131","title":{"rendered":""},"content":{"rendered":"\n<hr class=\"wp-block-separator has-alpha-channel-opacity is-style-wide\"\/>\n\n\n\n<figure class=\"wp-block-image size-full\"><img loading=\"lazy\" decoding=\"async\" width=\"1024\" height=\"334\" src=\"https:\/\/ekowen.pl\/wp-content\/uploads\/2026\/02\/Oryginalny-ver-2.png\" alt=\"\" class=\"wp-image-8\" srcset=\"https:\/\/ekowen.pl\/wp-content\/uploads\/2026\/02\/Oryginalny-ver-2.png 1024w, https:\/\/ekowen.pl\/wp-content\/uploads\/2026\/02\/Oryginalny-ver-2-300x98.png 300w, https:\/\/ekowen.pl\/wp-content\/uploads\/2026\/02\/Oryginalny-ver-2-768x251.png 768w\" sizes=\"auto, (max-width: 1024px) 100vw, 1024px\" \/><\/figure>\n\n\n\n<h2 class=\"wp-block-heading has-text-align-center\">Lokalnie, uczciwie, po s\u0105siedzku.<\/h2>\n\n\n\n<hr class=\"wp-block-separator has-alpha-channel-opacity is-style-wide\"\/>\n\n\n\n<p>Masz pytania lub chcesz dowiedzie\u0107 si\u0119, jak mo\u017cemy Ci pom\u00f3c?<br>Skontaktuj si\u0119 z nami \u2013 ch\u0119tnie doradzimy, odpowiemy na wszystkie w\u0105tpliwo\u015bci i przygotujemy rozwi\u0105zanie dopasowane do Twoich potrzeb.<br>Jeste\u015bmy tu dla Ciebie. Napisz lub zadzwo\u0144!<\/p>\n\n\n\n<h2 class=\"wp-block-heading has-text-align-center\">tel. <a href=\"tel:793769922\">793 76 99 22<\/a><\/h2>\n\n\n\n<h2 class=\"wp-block-heading has-text-align-center\"><a href=\"mailto:biuro@ekowen.pl\">biuro@ekowen.pl<\/a><\/h2>\n\n\n\n<hr class=\"wp-block-separator has-alpha-channel-opacity is-style-wide\"\/>\n\n\n\n<h4 class=\"wp-block-heading has-text-align-center\">FORMULARZ KONTAKTOWY<\/h4>\n\n\n<style id=\"wpforms-css-vars-152-block-69b3b2e1-01bb-4594-b2f9-2eb53416665f\">\n\t\t\t\t#wpforms-152.wpforms-block-69b3b2e1-01bb-4594-b2f9-2eb53416665f {\n\t\t\t\t--wpforms-field-size-input-height: 43px;\n--wpforms-field-size-input-spacing: 15px;\n--wpforms-field-size-font-size: 16px;\n--wpforms-field-size-line-height: 19px;\n--wpforms-field-size-padding-h: 14px;\n--wpforms-field-size-checkbox-size: 16px;\n--wpforms-field-size-sublabel-spacing: 5px;\n--wpforms-field-size-icon-size: 1;\n--wpforms-label-size-font-size: 16px;\n--wpforms-label-size-line-height: 19px;\n--wpforms-label-size-sublabel-font-size: 14px;\n--wpforms-label-size-sublabel-line-height: 17px;\n--wpforms-button-size-font-size: 17px;\n--wpforms-button-size-height: 41px;\n--wpforms-button-size-padding-h: 15px;\n--wpforms-button-size-margin-top: 10px;\n\t\t\t}\n\t\t\t<\/style><div class=\"wpforms-container wpforms-container-full wpforms-block wpforms-block-69b3b2e1-01bb-4594-b2f9-2eb53416665f wpforms-render-modern\" id=\"wpforms-152\"><form id=\"wpforms-form-152\" class=\"wpforms-validate wpforms-form wpforms-ajax-form\" data-formid=\"152\" method=\"post\" enctype=\"multipart\/form-data\" action=\"\/index.php?rest_route=%2Fwp%2Fv2%2Fpages%2F131\" data-token=\"e8201db303ed205289ce6180078ace15\" data-token-time=\"1776498193\"><noscript class=\"wpforms-error-noscript\">Aby wype\u0142ni\u0107 ten formularz, w\u0142\u0105cz obs\u0142ug\u0119 JavaScript w przegl\u0105darce.<\/noscript><div id=\"wpforms-error-noscript\" style=\"display: none;\">Aby wype\u0142ni\u0107 ten formularz, w\u0142\u0105cz obs\u0142ug\u0119 JavaScript w przegl\u0105darce.<\/div><div class=\"wpforms-field-container\"><div id=\"wpforms-152-field_1-container\" class=\"wpforms-field wpforms-field-text\" data-field-id=\"1\"><label class=\"wpforms-field-label\" for=\"wpforms-152-field_1\">Imi\u0119 <span class=\"wpforms-required-label\" aria-hidden=\"true\">*<\/span><\/label><input type=\"text\" id=\"wpforms-152-field_1\" class=\"wpforms-field-medium wpforms-field-required\" name=\"wpforms[fields][1]\" aria-errormessage=\"wpforms-152-field_1-error\" required><\/div>\t\t<div id=\"wpforms-152-field_5-container\"\n\t\t\tclass=\"wpforms-field wpforms-field-text\"\n\t\t\tdata-field-type=\"text\"\n\t\t\tdata-field-id=\"5\"\n\t\t\t>\n\t\t\t<label class=\"wpforms-field-label\" for=\"wpforms-152-field_5\" >(opcjonalnie) telefonu Adres<\/label>\n\t\t\t<input type=\"text\" id=\"wpforms-152-field_5\" class=\"wpforms-field-medium\" name=\"wpforms[fields][5]\" >\n\t\t<\/div>\n\t\t<div id=\"wpforms-152-field_3-container\" class=\"wpforms-field wpforms-field-number\" data-field-id=\"3\"><label class=\"wpforms-field-label\" for=\"wpforms-152-field_3\">Numer telefonu <span class=\"wpforms-required-label\" aria-hidden=\"true\">*<\/span><\/label><input type=\"number\" id=\"wpforms-152-field_3\" class=\"wpforms-field-medium wpforms-field-required\" name=\"wpforms[fields][3]\" step=\"any\" aria-errormessage=\"wpforms-152-field_3-error\" required><\/div><div id=\"wpforms-152-field_2-container\" class=\"wpforms-field wpforms-field-email\" data-field-id=\"2\"><label class=\"wpforms-field-label\" for=\"wpforms-152-field_2\">Adres e-mail (opcjonalnie)<\/label><input type=\"email\" id=\"wpforms-152-field_2\" class=\"wpforms-field-medium\" name=\"wpforms[fields][2]\" spellcheck=\"false\" aria-errormessage=\"wpforms-152-field_2-error\" ><\/div><div id=\"wpforms-152-field_4-container\" class=\"wpforms-field wpforms-field-textarea\" data-field-id=\"4\"><label class=\"wpforms-field-label\" for=\"wpforms-152-field_4\">Wiadomo\u015b\u0107 (opcjonalnie)<\/label><textarea id=\"wpforms-152-field_4\" class=\"wpforms-field-medium\" name=\"wpforms[fields][4]\" aria-errormessage=\"wpforms-152-field_4-error\" ><\/textarea><\/div><script>\n\t\t\t\t( function() {\n\t\t\t\t\tconst style = document.createElement( 'style' );\n\t\t\t\t\tstyle.appendChild( document.createTextNode( '#wpforms-152-field_5-container { position: absolute !important; overflow: hidden !important; display: inline !important; height: 1px !important; width: 1px !important; z-index: -1000 !important; padding: 0 !important; } #wpforms-152-field_5-container input { visibility: hidden; } #wpforms-conversational-form-page #wpforms-152-field_5-container label { counter-increment: none; }' ) );\n\t\t\t\t\tdocument.head.appendChild( style );\n\t\t\t\t\tdocument.currentScript?.remove();\n\t\t\t\t} )();\n\t\t\t<\/script><\/div><!-- .wpforms-field-container --><div class=\"wpforms-submit-container\" ><input type=\"hidden\" name=\"wpforms[id]\" value=\"152\"><input type=\"hidden\" name=\"page_title\" value=\"\"><input type=\"hidden\" name=\"page_url\" value=\"https:\/\/ekowen.pl\/index.php?rest_route=\/wp\/v2\/pages\/131\"><input type=\"hidden\" name=\"url_referer\" value=\"\"><button type=\"submit\" name=\"wpforms[submit]\" id=\"wpforms-submit-152\" class=\"wpforms-submit\" data-alt-text=\"Wysy\u0142anie...\" data-submit-text=\"Prze\u015blij\" aria-live=\"assertive\" value=\"wpforms-submit\">Prze\u015blij<\/button><img loading=\"lazy\" decoding=\"async\" src=\"https:\/\/ekowen.pl\/wp-content\/plugins\/wpforms-lite\/assets\/images\/submit-spin.svg\" class=\"wpforms-submit-spinner\" style=\"display: none;\" width=\"26\" height=\"26\" alt=\"Wczytywanie\"><\/div><\/form><\/div>  <!-- .wpforms-container -->","protected":false},"excerpt":{"rendered":"<p>Lokalnie, uczciwie, po s\u0105siedzku. Masz pytania lub chcesz dowiedzie\u0107 si\u0119, jak mo\u017cemy Ci pom\u00f3c?Skontaktuj si\u0119 z nami \u2013 ch\u0119tnie doradzimy, odpowiemy na wszystkie w\u0105tpliwo\u015bci i przygotujemy rozwi\u0105zanie dopasowane do Twoich potrzeb.Jeste\u015bmy tu dla Ciebie. Napisz lub zadzwo\u0144! tel. 793 76 99 22 biuro@ekowen.pl FORMULARZ KONTAKTOWY<\/p>\n","protected":false},"author":1,"featured_media":0,"parent":0,"menu_order":0,"comment_status":"closed","ping_status":"closed","template":"","meta":{"footnotes":""},"class_list":["post-131","page","type-page","status-publish","hentry"],"_links":{"self":[{"href":"https:\/\/ekowen.pl\/index.php?rest_route=\/wp\/v2\/pages\/131","targetHints":{"allow":["GET"]}}],"collection":[{"href":"https:\/\/ekowen.pl\/index.php?rest_route=\/wp\/v2\/pages"}],"about":[{"href":"https:\/\/ekowen.pl\/index.php?rest_route=\/wp\/v2\/types\/page"}],"author":[{"embeddable":true,"href":"https:\/\/ekowen.pl\/index.php?rest_route=\/wp\/v2\/users\/1"}],"replies":[{"embeddable":true,"href":"https:\/\/ekowen.pl\/index.php?rest_route=%2Fwp%2Fv2%2Fcomments&post=131"}],"version-history":[{"count":23,"href":"https:\/\/ekowen.pl\/index.php?rest_route=\/wp\/v2\/pages\/131\/revisions"}],"predecessor-version":[{"id":242,"href":"https:\/\/ekowen.pl\/index.php?rest_route=\/wp\/v2\/pages\/131\/revisions\/242"}],"wp:attachment":[{"href":"https:\/\/ekowen.pl\/index.php?rest_route=%2Fwp%2Fv2%2Fmedia&parent=131"}],"curies":[{"name":"wp","href":"https:\/\/api.w.org\/{rel}","templated":true}]}}