{"id":161,"date":"2026-02-22T09:28:02","date_gmt":"2026-02-22T08:28:02","guid":{"rendered":"https:\/\/ekowen.pl\/?page_id=161"},"modified":"2026-02-22T10:46:11","modified_gmt":"2026-02-22T09:46:11","slug":"161-2","status":"publish","type":"page","link":"https:\/\/ekowen.pl\/?page_id=161","title":{"rendered":"Do poczytania"},"content":{"rendered":"\n<hr class=\"wp-block-separator has-alpha-channel-opacity is-style-wide\"\/>\n\n\n\n<figure class=\"wp-block-embed is-type-wp-embed is-provider-ekowen wp-block-embed-ekowen\"><div class=\"wp-block-embed__wrapper\">\n<blockquote class=\"wp-embedded-content\" data-secret=\"o6CthITBwv\"><a href=\"https:\/\/ekowen.pl\/?p=1\">Ile pr\u0105du zu\u017cywa pompa ciep\u0142a? Rzeczywiste koszty eksploatacji<\/a><\/blockquote><iframe loading=\"lazy\" class=\"wp-embedded-content\" sandbox=\"allow-scripts\" security=\"restricted\" style=\"position: absolute; visibility: hidden;\" title=\"&#8222;Ile pr\u0105du zu\u017cywa pompa ciep\u0142a? Rzeczywiste koszty eksploatacji&#8221; &#8212; Ekowen\" src=\"https:\/\/ekowen.pl\/?p=1&#038;embed=true#?secret=4mbnEqp632#?secret=o6CthITBwv\" data-secret=\"o6CthITBwv\" width=\"500\" height=\"282\" frameborder=\"0\" marginwidth=\"0\" marginheight=\"0\" scrolling=\"no\"><\/iframe>\n<\/div><\/figure>\n\n\n\n<figure class=\"wp-block-embed is-type-wp-embed is-provider-ekowen wp-block-embed-ekowen\"><div class=\"wp-block-embed__wrapper\">\n<blockquote class=\"wp-embedded-content\" data-secret=\"ZMLuVgFgyu\"><a href=\"https:\/\/ekowen.pl\/?p=61\">Jak dzia\u0142a powietrzna pompa ciep\u0142a? Prosty przewodnik dla pocz\u0105tkuj\u0105cych<\/a><\/blockquote><iframe loading=\"lazy\" class=\"wp-embedded-content\" sandbox=\"allow-scripts\" security=\"restricted\" style=\"position: absolute; visibility: hidden;\" title=\"&#8222;Jak dzia\u0142a powietrzna pompa ciep\u0142a? Prosty przewodnik dla pocz\u0105tkuj\u0105cych&#8221; &#8212; Ekowen\" src=\"https:\/\/ekowen.pl\/?p=61&#038;embed=true#?secret=aAmG5m7y4H#?secret=ZMLuVgFgyu\" data-secret=\"ZMLuVgFgyu\" width=\"500\" height=\"282\" frameborder=\"0\" marginwidth=\"0\" marginheight=\"0\" scrolling=\"no\"><\/iframe>\n<\/div><\/figure>\n\n\n\n<figure class=\"wp-block-embed is-type-wp-embed is-provider-ekowen wp-block-embed-ekowen\"><div class=\"wp-block-embed__wrapper\">\n<blockquote class=\"wp-embedded-content\" data-secret=\"zLa7iq4qYH\"><a href=\"https:\/\/ekowen.pl\/?p=63\">Powietrzna pompa ciep\u0142a krok po kroku \u2014 od wyboru do monta\u017cu<\/a><\/blockquote><iframe loading=\"lazy\" class=\"wp-embedded-content\" sandbox=\"allow-scripts\" security=\"restricted\" style=\"position: absolute; visibility: hidden;\" title=\"&#8222;Powietrzna pompa ciep\u0142a krok po kroku \u2014 od wyboru do monta\u017cu&#8221; &#8212; Ekowen\" src=\"https:\/\/ekowen.pl\/?p=63&#038;embed=true#?secret=urRdPtamWA#?secret=zLa7iq4qYH\" data-secret=\"zLa7iq4qYH\" width=\"500\" height=\"282\" frameborder=\"0\" marginwidth=\"0\" marginheight=\"0\" scrolling=\"no\"><\/iframe>\n<\/div><\/figure>\n\n\n\n<figure class=\"wp-block-embed is-type-wp-embed is-provider-ekowen wp-block-embed-ekowen\"><div class=\"wp-block-embed__wrapper\">\n<blockquote class=\"wp-embedded-content\" data-secret=\"tMJJWh3A1Q\"><a href=\"https:\/\/ekowen.pl\/?p=65\">W przygotowaniu<\/a><\/blockquote><iframe loading=\"lazy\" class=\"wp-embedded-content\" sandbox=\"allow-scripts\" security=\"restricted\" style=\"position: absolute; visibility: hidden;\" title=\"&#8222;W przygotowaniu&#8221; &#8212; Ekowen\" src=\"https:\/\/ekowen.pl\/?p=65&#038;embed=true#?secret=3374DG8HQa#?secret=tMJJWh3A1Q\" data-secret=\"tMJJWh3A1Q\" width=\"500\" height=\"282\" frameborder=\"0\" marginwidth=\"0\" marginheight=\"0\" scrolling=\"no\"><\/iframe>\n<\/div><\/figure>\n\n\n\n<figure class=\"wp-block-embed is-type-wp-embed is-provider-ekowen wp-block-embed-ekowen\"><div class=\"wp-block-embed__wrapper\">\n<blockquote class=\"wp-embedded-content\" data-secret=\"vxm4USq2UK\"><a href=\"https:\/\/ekowen.pl\/?p=172\">W przygotowaniu<\/a><\/blockquote><iframe loading=\"lazy\" class=\"wp-embedded-content\" sandbox=\"allow-scripts\" security=\"restricted\" style=\"position: absolute; visibility: hidden;\" title=\"&#8222;W przygotowaniu&#8221; &#8212; Ekowen\" src=\"https:\/\/ekowen.pl\/?p=172&#038;embed=true#?secret=8HTTdcc8UF#?secret=vxm4USq2UK\" data-secret=\"vxm4USq2UK\" width=\"500\" height=\"282\" frameborder=\"0\" marginwidth=\"0\" marginheight=\"0\" scrolling=\"no\"><\/iframe>\n<\/div><\/figure>\n\n\n\n<p><\/p>\n","protected":false},"excerpt":{"rendered":"","protected":false},"author":1,"featured_media":0,"parent":0,"menu_order":0,"comment_status":"closed","ping_status":"closed","template":"","meta":{"footnotes":""},"class_list":["post-161","page","type-page","status-publish","hentry"],"_links":{"self":[{"href":"https:\/\/ekowen.pl\/index.php?rest_route=\/wp\/v2\/pages\/161","targetHints":{"allow":["GET"]}}],"collection":[{"href":"https:\/\/ekowen.pl\/index.php?rest_route=\/wp\/v2\/pages"}],"about":[{"href":"https:\/\/ekowen.pl\/index.php?rest_route=\/wp\/v2\/types\/page"}],"author":[{"embeddable":true,"href":"https:\/\/ekowen.pl\/index.php?rest_route=\/wp\/v2\/users\/1"}],"replies":[{"embeddable":true,"href":"https:\/\/ekowen.pl\/index.php?rest_route=%2Fwp%2Fv2%2Fcomments&post=161"}],"version-history":[{"count":21,"href":"https:\/\/ekowen.pl\/index.php?rest_route=\/wp\/v2\/pages\/161\/revisions"}],"predecessor-version":[{"id":214,"href":"https:\/\/ekowen.pl\/index.php?rest_route=\/wp\/v2\/pages\/161\/revisions\/214"}],"wp:attachment":[{"href":"https:\/\/ekowen.pl\/index.php?rest_route=%2Fwp%2Fv2%2Fmedia&parent=161"}],"curies":[{"name":"wp","href":"https:\/\/api.w.org\/{rel}","templated":true}]}}